{"id":3,"date":"2022-09-09T13:53:06","date_gmt":"2022-09-09T11:53:06","guid":{"rendered":"https:\/\/hotel-alex-berlin.de\/?page_id=3"},"modified":"2022-09-12T08:27:14","modified_gmt":"2022-09-12T06:27:14","slug":"datenschutzerklaerung","status":"publish","type":"page","link":"https:\/\/hotel-alex-berlin.de\/pt\/datenschutzerklaerung\/","title":{"rendered":"Pol\u00edtica de privacidade"},"content":{"rendered":"<h2 class=\"wp-block-heading\">Quem somos<\/h2>\n\n\n\n<p>O endere\u00e7o do nosso s\u00edtio Web \u00e9: https:\/\/hotel-alex-berlin.de.<\/p>\n\n\n\n<h2 class=\"wp-block-heading\">Comments<\/h2>\n\n\n\n<p>Quando os visitantes colocam coment\u00e1rios no s\u00edtio Web, recolhemos os dados apresentados no formul\u00e1rio de coment\u00e1rio, o endere\u00e7o IP do visitante e a cadeia do agente do utilizador (que identifica o browser) para ajudar a reconhecer o spam.<\/p>\n\n\n\n<p>Uma cadeia de caracteres an\u00f3nima (tamb\u00e9m conhecida como hash) pode ser criada a partir do seu endere\u00e7o de correio eletr\u00f3nico e transmitida ao servi\u00e7o Gravatar para verificar se o est\u00e1 a utilizar. Pode encontrar a pol\u00edtica de privacidade do servi\u00e7o Gravatar aqui: https:\/\/automattic.com\/privacy\/. Depois de o seu coment\u00e1rio ter sido aprovado, a sua imagem de perfil ficar\u00e1 vis\u00edvel publicamente no contexto do seu coment\u00e1rio.<\/p>\n\n\n\n<h2 class=\"wp-block-heading\">Media<\/h2>\n\n\n\n<p>Se \u00e9 um utilizador registado e carrega fotografias para este s\u00edtio Web, deve evitar carregar fotografias com uma localiza\u00e7\u00e3o GPS EXIF. Os visitantes deste s\u00edtio Web podem descarregar fotografias armazenadas neste s\u00edtio Web e extrair as suas informa\u00e7\u00f5es de localiza\u00e7\u00e3o.<\/p>\n\n\n\n<h2 class=\"wp-block-heading\">Biscoitos<\/h2>\n\n\n\n<p>Se escrever um coment\u00e1rio no nosso s\u00edtio Web, pode consentir que o seu nome, endere\u00e7o de correio eletr\u00f3nico e s\u00edtio Web sejam guardados nos cookies. Esta \u00e9 uma funcionalidade conveniente para que n\u00e3o tenha de voltar a introduzir todos estes dados quando escrever outro coment\u00e1rio. Estes cookies s\u00e3o guardados durante um ano.<\/p>\n\n\n\n<p>Se tiver uma conta e iniciar sess\u00e3o neste s\u00edtio Web, definiremos um cookie tempor\u00e1rio para determinar se o seu navegador aceita cookies. Este cookie n\u00e3o cont\u00e9m quaisquer dados pessoais e ser\u00e1 eliminado quando fechar o seu browser.<\/p>\n\n\n\n<p>Quando se regista, configuramos alguns cookies para guardar as suas informa\u00e7\u00f5es de in\u00edcio de sess\u00e3o e op\u00e7\u00f5es de visualiza\u00e7\u00e3o. Os cookies de in\u00edcio de sess\u00e3o expiram ao fim de dois dias e os cookies para op\u00e7\u00f5es de visualiza\u00e7\u00e3o ao fim de um ano. Se selecionar \"Manter sess\u00e3o iniciada\" quando iniciar sess\u00e3o, a sua sess\u00e3o ser\u00e1 mantida durante quinze dias. Quando termina a sess\u00e3o na sua conta, os cookies de in\u00edcio de sess\u00e3o s\u00e3o eliminados.<\/p>\n\n\n\n<p>Quando edita ou publica um artigo, \u00e9 guardado um cookie adicional no seu browser. Este cookie n\u00e3o cont\u00e9m quaisquer dados pessoais e refere-se apenas ao ID de publica\u00e7\u00e3o do artigo que acabou de editar. O cookie expira ao fim de um dia.<\/p>\n\n\n\n<h2 class=\"wp-block-heading\">Conte\u00fado incorporado de outros s\u00edtios Web<\/h2>\n\n\n\n<p>As publica\u00e7\u00f5es neste s\u00edtio Web podem conter conte\u00fados incorporados (por exemplo, v\u00eddeos, imagens, artigos, etc.). O conte\u00fado incorporado de outros s\u00edtios Web comporta-se exatamente como se o visitante tivesse visitado o outro s\u00edtio Web.<\/p>\n\n\n\n<p>Estes s\u00edtios Web podem recolher dados sobre o utilizador, utilizar cookies, incorporar servi\u00e7os de rastreio adicionais de terceiros e registar a sua intera\u00e7\u00e3o com este conte\u00fado incorporado, incluindo a sua intera\u00e7\u00e3o com o conte\u00fado incorporado se tiver uma conta e estiver ligado a este s\u00edtio Web.<\/p>\n\n\n\n<h2 class=\"wp-block-heading\">Com quem partilhamos os seus dados<\/h2>\n\n\n\n<p>Se solicitar uma reposi\u00e7\u00e3o da palavra-passe, o seu endere\u00e7o IP ser\u00e1 inclu\u00eddo na mensagem de correio eletr\u00f3nico de reposi\u00e7\u00e3o.<\/p>\n\n\n\n<h2 class=\"wp-block-heading\">Durante quanto tempo guardamos os seus dados<\/h2>\n\n\n\n<p>Quando escreve um coment\u00e1rio, este \u00e9 guardado indefinidamente, incluindo os metadados. Desta forma, podemos reconhecer e aprovar automaticamente os coment\u00e1rios seguintes, em vez de os manter numa fila de modera\u00e7\u00e3o.<\/p>\n\n\n\n<p>Para os utilizadores que se registam no nosso s\u00edtio Web, tamb\u00e9m guardamos as informa\u00e7\u00f5es pessoais que fornecem nos seus perfis de utilizador. Todos os utilizadores podem ver, alterar ou eliminar as suas informa\u00e7\u00f5es pessoais em qualquer altura (o nome de utilizador n\u00e3o pode ser alterado). Os administradores do s\u00edtio Web tamb\u00e9m podem ver e alterar estas informa\u00e7\u00f5es.<\/p>\n\n\n\n<h2 class=\"wp-block-heading\">Que direitos tem sobre os seus dados<\/h2>\n\n\n\n<p>Se tiver uma conta neste s\u00edtio Web ou tiver escrito coment\u00e1rios, pode solicitar-nos a exporta\u00e7\u00e3o dos seus dados pessoais, incluindo quaisquer dados que nos tenha fornecido. Al\u00e9m disso, pode solicitar a elimina\u00e7\u00e3o de todos os dados pessoais que tenhamos guardado sobre si. Isto n\u00e3o inclui os dados que somos obrigados a reter para fins administrativos, legais ou de seguran\u00e7a.<\/p>\n\n\n\n<h2 class=\"wp-block-heading\">Para onde s\u00e3o enviados os seus dados<\/h2>\n\n\n\n<p>Os coment\u00e1rios dos visitantes podem ser analisados por um servi\u00e7o autom\u00e1tico de dete\u00e7\u00e3o de spam.<\/p>","protected":false},"excerpt":{"rendered":"<p>Wer wir sind Die Adresse unserer Website ist: https:\/\/hotel-alex-berlin.de. Kommentare Wenn Besucher Kommentare auf der Website schreiben, sammeln wir die Daten, die im Kommentar-Formular angezeigt werden, au\u00dferdem die IP-Adresse des Besuchers und den User-Agent-String (damit wird der Browser identifiziert), um die Erkennung von Spam zu unterst\u00fctzen. Aus deiner E-Mail-Adresse kann eine anonymisierte Zeichenfolge erstellt (auch [&hellip;]<\/p>\n","protected":false},"author":1,"featured_media":0,"parent":0,"menu_order":0,"comment_status":"closed","ping_status":"open","template":"","meta":{"footnotes":""},"class_list":["post-3","page","type-page","status-publish","hentry"],"_links":{"self":[{"href":"https:\/\/hotel-alex-berlin.de\/pt\/wp-json\/wp\/v2\/pages\/3","targetHints":{"allow":["GET"]}}],"collection":[{"href":"https:\/\/hotel-alex-berlin.de\/pt\/wp-json\/wp\/v2\/pages"}],"about":[{"href":"https:\/\/hotel-alex-berlin.de\/pt\/wp-json\/wp\/v2\/types\/page"}],"author":[{"embeddable":true,"href":"https:\/\/hotel-alex-berlin.de\/pt\/wp-json\/wp\/v2\/users\/1"}],"replies":[{"embeddable":true,"href":"https:\/\/hotel-alex-berlin.de\/pt\/wp-json\/wp\/v2\/comments?post=3"}],"version-history":[{"count":2,"href":"https:\/\/hotel-alex-berlin.de\/pt\/wp-json\/wp\/v2\/pages\/3\/revisions"}],"predecessor-version":[{"id":273,"href":"https:\/\/hotel-alex-berlin.de\/pt\/wp-json\/wp\/v2\/pages\/3\/revisions\/273"}],"wp:attachment":[{"href":"https:\/\/hotel-alex-berlin.de\/pt\/wp-json\/wp\/v2\/media?parent=3"}],"curies":[{"name":"wp","href":"https:\/\/api.w.org\/{rel}","templated":true}]}}